{"id":2308,"date":"2020-07-22T21:58:04","date_gmt":"2020-07-23T03:58:04","guid":{"rendered":"https:\/\/skindoctorscr.com\/?post_type=product&#038;p=2308"},"modified":"2024-10-07T11:28:03","modified_gmt":"2024-10-07T17:28:03","slug":"skindoctors-crema-goldskin-50g","status":"publish","type":"product","link":"https:\/\/skindoctorscr.com\/en\/tienda\/skindoctors-crema-goldskin-50g\/","title":{"rendered":"CREMA GOLD SKINDOCTORS  50G"},"content":{"rendered":"","protected":false},"excerpt":{"rendered":"<p>Efecto hidratante que adem\u00e1s ayuda a tratar las l\u00edneas de expresi\u00f3n y tensar la piel del rostro, cuello y escote. Contiene\u00a0\u00e1cido hialur\u00f3nico, ayuda a rellenar las lineas de expresi\u00f3n.<\/p>","protected":false},"featured_media":11515,"template":"","meta":{"_monsterinsights_skip_tracking":false,"_monsterinsights_sitenote_active":false,"_monsterinsights_sitenote_note":"","_monsterinsights_sitenote_category":0},"product_brand":[],"product_cat":[123,295],"product_tag":[],"class_list":{"0":"post-2308","1":"product","2":"type-product","3":"status-publish","4":"has-post-thumbnail","6":"product_cat-dermoreparacion","7":"product_cat-skincare","9":"first","10":"instock","11":"taxable","12":"shipping-taxable","13":"purchasable","14":"product-type-simple"},"_links":{"self":[{"href":"https:\/\/skindoctorscr.com\/en\/wp-json\/wp\/v2\/product\/2308"}],"collection":[{"href":"https:\/\/skindoctorscr.com\/en\/wp-json\/wp\/v2\/product"}],"about":[{"href":"https:\/\/skindoctorscr.com\/en\/wp-json\/wp\/v2\/types\/product"}],"wp:featuredmedia":[{"embeddable":true,"href":"https:\/\/skindoctorscr.com\/en\/wp-json\/wp\/v2\/media\/11515"}],"wp:attachment":[{"href":"https:\/\/skindoctorscr.com\/en\/wp-json\/wp\/v2\/media?parent=2308"}],"wp:term":[{"taxonomy":"product_brand","embeddable":true,"href":"https:\/\/skindoctorscr.com\/en\/wp-json\/wp\/v2\/product_brand?post=2308"},{"taxonomy":"product_cat","embeddable":true,"href":"https:\/\/skindoctorscr.com\/en\/wp-json\/wp\/v2\/product_cat?post=2308"},{"taxonomy":"product_tag","embeddable":true,"href":"https:\/\/skindoctorscr.com\/en\/wp-json\/wp\/v2\/product_tag?post=2308"}],"curies":[{"name":"wp","href":"https:\/\/api.w.org\/{rel}","templated":true}]}}