{"id":2316,"date":"2020-07-22T22:09:51","date_gmt":"2020-07-23T04:09:51","guid":{"rendered":"https:\/\/skindoctorscr.com\/?post_type=product&#038;p=2316"},"modified":"2024-10-07T18:53:46","modified_gmt":"2024-10-08T00:53:46","slug":"skc-renovador-facial-piel-normal-noche-50g","status":"publish","type":"product","link":"https:\/\/skindoctorscr.com\/en\/tienda\/skc-renovador-facial-piel-normal-noche-50g\/","title":{"rendered":"SKC RENOVADOR FACIAL \u2013 NOCHE 50G"},"content":{"rendered":"<p>Tratamiento anti edad, humectante y regenerativo con c\u00e9dulas madres. Para piel grasa.<\/p>","protected":false},"excerpt":{"rendered":"<p>Composici\u00f3n grasosa a base de extracto de C\u00e9dulas Madres Vegetal y Centella Asi\u00e1tica. Compuesto de 7 hidratantes: Urea, Dextrosa, Glicerina, Propilenglicol, Extracto de Algod\u00f3n, Extracto de Avena y Extracto de t\u00e9 verde. USO DE NOCHE<\/p>","protected":false},"featured_media":3329,"template":"","meta":{"_monsterinsights_skip_tracking":false,"_monsterinsights_sitenote_active":false,"_monsterinsights_sitenote_note":"","_monsterinsights_sitenote_category":0},"product_brand":[],"product_cat":[123,295,133],"product_tag":[],"class_list":{"0":"post-2316","1":"product","2":"type-product","3":"status-publish","4":"has-post-thumbnail","6":"product_cat-dermoreparacion","7":"product_cat-skincare","8":"product_cat-skindoctors","10":"first","11":"instock","12":"taxable","13":"shipping-taxable","14":"purchasable","15":"product-type-simple"},"_links":{"self":[{"href":"https:\/\/skindoctorscr.com\/en\/wp-json\/wp\/v2\/product\/2316"}],"collection":[{"href":"https:\/\/skindoctorscr.com\/en\/wp-json\/wp\/v2\/product"}],"about":[{"href":"https:\/\/skindoctorscr.com\/en\/wp-json\/wp\/v2\/types\/product"}],"wp:featuredmedia":[{"embeddable":true,"href":"https:\/\/skindoctorscr.com\/en\/wp-json\/wp\/v2\/media\/3329"}],"wp:attachment":[{"href":"https:\/\/skindoctorscr.com\/en\/wp-json\/wp\/v2\/media?parent=2316"}],"wp:term":[{"taxonomy":"product_brand","embeddable":true,"href":"https:\/\/skindoctorscr.com\/en\/wp-json\/wp\/v2\/product_brand?post=2316"},{"taxonomy":"product_cat","embeddable":true,"href":"https:\/\/skindoctorscr.com\/en\/wp-json\/wp\/v2\/product_cat?post=2316"},{"taxonomy":"product_tag","embeddable":true,"href":"https:\/\/skindoctorscr.com\/en\/wp-json\/wp\/v2\/product_tag?post=2316"}],"curies":[{"name":"wp","href":"https:\/\/api.w.org\/{rel}","templated":true}]}}