{"id":2431,"date":"2020-07-23T09:45:36","date_gmt":"2020-07-23T15:45:36","guid":{"rendered":"https:\/\/skindoctorscr.com\/?post_type=product&#038;p=2431"},"modified":"2024-10-07T17:53:22","modified_gmt":"2024-10-07T23:53:22","slug":"gel-limpiador-facial-granulos-skc-200ml","status":"publish","type":"product","link":"https:\/\/skindoctorscr.com\/en\/tienda\/gel-limpiador-facial-granulos-skc-200ml\/","title":{"rendered":"GEL LIMPIADOR FACIAL + GRANULOS SKC 200ML"},"content":{"rendered":"<p>Gel sin jab\u00f3n, con microesferas de Silice y Enanthia Cloranta natural<\/p>","protected":false},"excerpt":{"rendered":"<p>Gel liampiador facial para piel grasa que remueve impuresas y el exceso de sebo de la piel del rostro. Para pieles con tendencia grasa es un gel que limpia, purifica y regula las secrecciones seb\u00e1ceas permitiendo limpiar las impurezas de las pieles con tendencia acn\u00e9ica consiguiendo la restauraci\u00f3n seb\u00e1cea de estas pieles y contribuyendo a la desaparici\u00f3n de los granos asociados al acn\u00e9.<\/p>","protected":false},"featured_media":2432,"template":"","meta":{"_monsterinsights_skip_tracking":false,"_monsterinsights_sitenote_active":false,"_monsterinsights_sitenote_note":"","_monsterinsights_sitenote_category":0},"product_brand":[],"product_cat":[196,295,133],"product_tag":[],"class_list":{"0":"post-2431","1":"product","2":"type-product","3":"status-publish","4":"has-post-thumbnail","6":"product_cat-limpieza-e-hidratacion-facial","7":"product_cat-skincare","8":"product_cat-skindoctors","10":"first","11":"instock","12":"taxable","13":"shipping-taxable","14":"purchasable","15":"product-type-simple"},"_links":{"self":[{"href":"https:\/\/skindoctorscr.com\/en\/wp-json\/wp\/v2\/product\/2431"}],"collection":[{"href":"https:\/\/skindoctorscr.com\/en\/wp-json\/wp\/v2\/product"}],"about":[{"href":"https:\/\/skindoctorscr.com\/en\/wp-json\/wp\/v2\/types\/product"}],"wp:featuredmedia":[{"embeddable":true,"href":"https:\/\/skindoctorscr.com\/en\/wp-json\/wp\/v2\/media\/2432"}],"wp:attachment":[{"href":"https:\/\/skindoctorscr.com\/en\/wp-json\/wp\/v2\/media?parent=2431"}],"wp:term":[{"taxonomy":"product_brand","embeddable":true,"href":"https:\/\/skindoctorscr.com\/en\/wp-json\/wp\/v2\/product_brand?post=2431"},{"taxonomy":"product_cat","embeddable":true,"href":"https:\/\/skindoctorscr.com\/en\/wp-json\/wp\/v2\/product_cat?post=2431"},{"taxonomy":"product_tag","embeddable":true,"href":"https:\/\/skindoctorscr.com\/en\/wp-json\/wp\/v2\/product_tag?post=2431"}],"curies":[{"name":"wp","href":"https:\/\/api.w.org\/{rel}","templated":true}]}}