{"id":2562,"date":"2020-07-23T12:14:03","date_gmt":"2020-07-23T18:14:03","guid":{"rendered":"https:\/\/skindoctorscr.com\/?post_type=product&#038;p=2562"},"modified":"2024-10-07T17:51:13","modified_gmt":"2024-10-07T23:51:13","slug":"gel-de-rosa-mosqueta-30g","status":"publish","type":"product","link":"https:\/\/skindoctorscr.com\/en\/tienda\/gel-de-rosa-mosqueta-30g\/","title":{"rendered":"GEL DE ROSA MOSQUETA 30G."},"content":{"rendered":"<h2>DESCRIPCI\u00d3N DEL PRODUCTO<\/h2>\n<p>El Aceite de Rosa Mosqueta es un aceite vegetal con grandes propiedades para la medicina convencional y est\u00e9tica. \u00c9ste se extrae de las semillas de un arbusto silvestre de la familia de las rosas (Rosa moschata o Rosa Rubiginosa). Aunque es una planta originaria de Europa, tambi\u00e9n la podemos encontrar en el sur de los Andes, especialmente en Chile y Argentina. Su composici\u00f3n con numerosos \u00e1cidos grasos esenciales (\u00e1cido omega 6, omega 3, linoleico), antioxidantes y vitaminas (retinol \u2013vitamina A- , vitamina C, E) lo convierten en un objeto imprescindible en nuestra casa.<\/p>\n<p><strong>Beneficios y Propiedades<\/strong><\/p>\n<p>Numerosos Estudios Cient\u00edficos han demostrado los Beneficios del Aceite de Rosa Mosqueta frente algunas dolencias, enfermedades e incluso para el cuidado de la piel, gracias a sus efectos regeneradores. Entre algunos de sus beneficios y propiedades nos encontramos con:<\/p>\n<p><strong>1. Retrasa los Signos de Envejecimiento Prematuro y las Arrugas<\/strong><\/p>\n<p>Esto se debe a la cantidad de antioxidantes y vitaminas que contiene el Aceite de Rosa Mosqueta, pudiendo penetrar en las capas m\u00e1s profundas de la piel. Seg\u00fan la Cl\u00ednica Cleveland de Ohio, Estados Unidos, la Vitamina C de la Rosa Mosqueta estimula la producci\u00f3n de col\u00e1geno, reduciendo las l\u00edneas de expresi\u00f3n y las arrugas de nuestro rostro.<\/p>\n<p><strong>2. Mejora las Estr\u00edas y Manchas de la Piel<\/strong><\/p>\n<p>Los aceites grasos esenciales de la Rosa Mosqueta mejoran claramente la pigmentaci\u00f3n de la piel, su textura y tono. Adem\u00e1s debido a sus alto componente en antioxidantes y Vitaminas (principalmente C y A) produce col\u00e1geno y protege de los da\u00f1os externos como el sol, reduciendo las marcas de estr\u00edas y las manchas de nuestra piel.<\/p>\n<p><strong>3. Combate los efectos del Foto-Envejecimiento<\/strong><\/p>\n<p>El principal causante del fotoenvejecimiento son los rayos uva producidos por el sol. \u00c9stos producen manchas en la piel y arrugas. La combinaci\u00f3n de las propiedades del Aceite de Rosa Mosqueta con sus antioxidantes y \u00e1cidos grasos esenciales, mejoran la pigmentaci\u00f3n, el tono de piel y la textura. Adem\u00e1s la Vitamina C contrarresta la disminuci\u00f3n de col\u00e1geno producida por la exposici\u00f3n al sol. Tambi\u00e9n puede ayudar en la eliminaci\u00f3n de rojeces e irritaci\u00f3n de la piel hidrat\u00e1ndola.<\/p>\n<p><strong>4. Rehidrata la Piel Seca<\/strong><\/p>\n<p>La Vitamina A que tiene la Rosa Mosqueta hace que mejore los niveles de humedad de nuestra piel y cree una barrea de impermeabilidad que impide una gran p\u00e9rdida de agua, lo que se traduce en una piel m\u00e1s hidratada. Es especialmente recomendable en personas de 45 a\u00f1os o m\u00e1s, ya que a ciertas edades la piel fabrica menos col\u00e1geno y se pierde elasticidad. El Aceite de Rosa Mosqueta ayuda a equilibrar en gran parte esa p\u00e9rdida.<\/p>\n<p><strong>5. Disminuye las Cicatrices Quir\u00fargicas y Accidentales.<\/strong><\/p>\n<p>Los \u00e1cidos grasos esenciales que contiene el Aceite de Rosa Mosqueta ayudan a reducir la cicatrizaci\u00f3n y promover la regeneraci\u00f3n de nuestra piel seg\u00fan el CenterChem, Inc, de Estados Unidos. \u00c9stos \u00e1cidos mejoran la flexibilidad, permeabilidad y la reparaci\u00f3n de la piel. La Vitamina A tambi\u00e9n juega un papel importante ya que ayuda a cicatrizar mejor la herida, igualando el tono y la textura.<\/p>\n<p>Numerosos estudios avalan este hecho. Entre ellos encontramos un estudio realizado por la Universidad de Concepci\u00f3n, Chile aplicado en 180 pacientes con cicatrices quir\u00fargicas, accidentales o producidas por quemaduras. \u00c9ste determin\u00f3 que tras la aplicaci\u00f3n del Aceite de Rosa Mosqueta consiguieron regenerar la piel de manera m\u00e1s eficaz y m\u00e1s r\u00e1pidamente de lo habitual. Tambi\u00e9n los m\u00e9dicos de la Cl\u00ednica Dermatol\u00f3gica de la Universidad de Sevilla realizaron un estudio donde usaron durante 6 meses el Aceite de Rosa Mosqueta en pacientes con cicatrices los resultados obtenidos fueron excepcionales en m\u00e1s de un 90% de los casos.<\/p>\n<p><strong>6. Mejora la Regeneraci\u00f3n de la Piel frente a Quemaduras<\/strong><\/p>\n<p>Un estudio realizado en 1996 por JF Oliver realizado en 90 pacientes que hab\u00edan sufrido quemaduras y a los cuales se le aplic\u00f3 Rosa Mosqueta durante 4 meses vieron mejor\u00edas muy avanzadas en el 97% de los casos. A su vez, el Dr. Leonardo Rusowsky del Hospital Enrique Deformes de Chile ha declarado que el Aceite de Rosa Mosqueta mejora la textura de la piel aumentando su elasticidad, su cicatrizaci\u00f3n, color e incluso la de la piel circundante.<\/p>\n<p><strong>7. Alivia el Dolor de la Artritis y Osteoartritis<\/strong><\/p>\n<p>Algunos estudios han dictaminado que la Rosa Mosqueta aten\u00faa el dolor de los pacientes que sufren de Artritis y Osteoartritis. Entre ellos citamos el realizado por el Hospital Frederiksberg de Dinamarca en 2008 que concluy\u00f3 tras probar el Aceite de Rosa Mosqueta en 306 pacientes con dolores de osteoartritis que \u00e9ste era un analg\u00e9sico eficaz para aliviar las dolencias de \u00e9sta enfermedad, reduciendo la necesidad de usar otros medicamentos. Otros Estudios realizados en el 2005 por el Scandinavian Journal of Rheumatology y en 2010 por Phitomedicine llegan a la misma conclusi\u00f3n.<\/p>\n<p><strong>8. Ayuda a Prevenir Enfermedades del Coraz\u00f3n en Personas Obesas<\/strong><\/p>\n<p>La European Journal of Clinical Nutrition realiz\u00f3 un estudio con 31 personas obesas a las que le hicieron consumir una bebida que conten\u00eda rosa mosqueta y a otro grupo se le dio un placebo durante 6 semanas. Al final del experimento se comprob\u00f3 que el grupo de la Rosa Mosqueta presentaba mejoras notables en una serie de factores de riesgo de enfermedades cardiacas como el del colesterol alto y la presi\u00f3n arterial en sangre.<\/p>\n<p><strong>9. Puede Prevenir el desarrollo de la Diabetes<\/strong><\/p>\n<p>Recientemente se ha publicado un estudio preliminar del a\u00f1o 2011 por la American Journal of Physiology: Endocrinology and Metabolism donde durante 20 semanas se le dio rosa mosqueta a ratones alimentados con una dieta alta en grasas. \u00c9ste estudio concluy\u00f3 que la Rosa Mosqueta ayud\u00f3 a prevenir el desarrollo de la diabetes, regul\u00f3 los niveles de az\u00facar en la sangre y mantuvo el colesterol controlado. A\u00fan es pronto para determinar si es capaz de ayudar en problemas de diabetes en humanos pero los resultados preliminares son ilusionantes.<\/p>\n<p><strong>10. Fortalece el Sistema Inmunol\u00f3gico y Estimula la Circulaci\u00f3n<\/strong><\/p>\n<p>Las vitaminas, antioxidantes y \u00e1cidos grasos esenciales que contiene la Rosa Mosqueta son un complemento perfecto para reforzar nuestro sistema inmunol\u00f3gico y estimular la circulaci\u00f3n de nuestro organismo.<\/p>\n<div class=\"message-box relative dark\" style=\"padding-top:19px;padding-bottom:19px;\"><div class=\"message-box-bg-image bg-fill fill\" ><\/div><div class=\"message-box-bg-overlay bg-fill fill\" ><\/div><div class=\"container relative\"><div class=\"inner last-reset\">\n<div class=\"row align-middle align-center\"  id=\"row-293441446\">\n\n\t<div id=\"col-561547733\" class=\"col medium-9 small-12 large-9\"  >\n\t\t\t\t<div class=\"col-inner\"  >\n\t\t\t\n\t\t\t\n<p><strong>Este producto requiere receta m\u00e9dica<\/strong> solo son entregados si al llegar nuestro motorizado usted cuenta con el respectivo documento emitido por un medico vigente. Si usted as\u00ed lo requiere puede visitar cualquiera de los m\u00e9dicos y cl\u00ednicas afiliadas a nuestra farmacia, o bien puede contact\u00e1rnos y obtener informaci\u00f3n adicional de c\u00f3mo obtener magistrales en nuestro sitio web. Ll\u00e1menos al +(506) 2524-0907 o escribanos a info@skindoctorscr.com<\/p>\n\t\t<\/div>\n\t\t\t\t\t<\/div>\n\n\t\n<\/div>\n<\/div><\/div><\/div>\n\n<div class=\"wpcf7 no-js\" id=\"wpcf7-f2944-o1\" lang=\"es-ES\" dir=\"ltr\" data-wpcf7-id=\"2944\">\n<div class=\"screen-reader-response\"><p role=\"status\" aria-live=\"polite\" aria-atomic=\"true\"><\/p> <ul><\/ul><\/div>\n<form action=\"\/en\/wp-json\/wp\/v2\/product\/2562#wpcf7-f2944-o1\" method=\"post\" class=\"wpcf7-form init\" aria-label=\"Formulario de contacto\" enctype=\"multipart\/form-data\" novalidate=\"novalidate\" data-status=\"init\" data-trp-original-action=\"\/en\/wp-json\/wp\/v2\/product\/2562#wpcf7-f2944-o1\">\n<div style=\"display: none;\">\n<input type=\"hidden\" name=\"_wpcf7\" value=\"2944\" \/>\n<input type=\"hidden\" name=\"_wpcf7_version\" value=\"6.0.5\" \/>\n<input type=\"hidden\" name=\"_wpcf7_locale\" value=\"es_ES\" \/>\n<input type=\"hidden\" name=\"_wpcf7_unit_tag\" value=\"wpcf7-f2944-o1\" \/>\n<input type=\"hidden\" name=\"_wpcf7_container_post\" value=\"0\" \/>\n<input type=\"hidden\" name=\"_wpcf7_posted_data_hash\" value=\"\" \/>\n<\/div>\n<p><label> Tu nombre (obligatorio)<br \/>\n<span class=\"wpcf7-form-control-wrap\" data-name=\"your-name\"><input size=\"40\" maxlength=\"400\" class=\"wpcf7-form-control wpcf7-text wpcf7-validates-as-required\" aria-required=\"true\" aria-invalid=\"false\" value=\"\" type=\"text\" name=\"your-name\" \/><\/span> <\/label>\n<\/p>\n<p><label> Tu correo electr\u00f3nico (obligatorio)<br \/>\n<span class=\"wpcf7-form-control-wrap\" data-name=\"your-email\"><input size=\"40\" maxlength=\"400\" class=\"wpcf7-form-control wpcf7-email wpcf7-validates-as-required wpcf7-text wpcf7-validates-as-email\" aria-required=\"true\" aria-invalid=\"false\" value=\"\" type=\"email\" name=\"your-email\" \/><\/span> <\/label>\n<\/p>\n<p><label> Tu mensaje<br \/>\n<span class=\"wpcf7-form-control-wrap\" data-name=\"your-message\"><textarea cols=\"40\" rows=\"10\" maxlength=\"2000\" class=\"wpcf7-form-control wpcf7-textarea\" aria-invalid=\"false\" name=\"your-message\"><\/textarea><\/span> <\/label><br \/>\n<label>N\u00famero tel\u00e9fonico (obligatorio)<br \/>\n<span class=\"wpcf7-form-control-wrap\" data-name=\"tel-738\"><input size=\"40\" maxlength=\"400\" class=\"wpcf7-form-control wpcf7-tel wpcf7-validates-as-required wpcf7-text wpcf7-validates-as-tel\" aria-required=\"true\" aria-invalid=\"false\" value=\"\" type=\"tel\" name=\"tel-738\" \/><\/span><\/label><br \/>\n<label> Receta m\u00e9dica:(obligatorio)<br \/>\n<span class=\"wpcf7-form-control-wrap\" data-name=\"file-586\"><input size=\"40\" class=\"wpcf7-form-control wpcf7-file wpcf7-validates-as-required\" accept=\"audio\/*,video\/*,image\/*\" aria-required=\"true\" aria-invalid=\"false\" type=\"file\" name=\"file-586\" \/><\/span> <\/label>\n<\/p>\n<p><input class=\"wpcf7-form-control wpcf7-submit has-spinner\" type=\"submit\" value=\"Enviar\" \/>\n<\/p><div class=\"wpcf7-response-output\" aria-hidden=\"true\"><\/div>\n<input type=\"hidden\" name=\"trp-form-language\" value=\"en\"\/><\/form>\n<\/div>","protected":false},"excerpt":{"rendered":"<p>Repara las irritaciones, rojeces y descamaciones intensas. Realiza una potente acci\u00f3n antioxidante por su contenido en Vitamina E. No irrita las mucosas y su textura gel permite una permanencia prolongada de los activos regeneradores sobre las zonas a tratar. Indicado en lesiones localizadas en zonas espec\u00edficas de la piel y mucosas (p\u00e1rpados, nariz\u2026)<\/p>","protected":false},"featured_media":9603,"template":"","meta":{"_monsterinsights_skip_tracking":false,"_monsterinsights_sitenote_active":false,"_monsterinsights_sitenote_note":"","_monsterinsights_sitenote_category":0},"product_brand":[],"product_cat":[133],"product_tag":[],"class_list":{"0":"post-2562","1":"product","2":"type-product","3":"status-publish","4":"has-post-thumbnail","6":"product_cat-skindoctors","8":"first","9":"instock","10":"taxable","11":"shipping-taxable","12":"purchasable","13":"product-type-simple"},"_links":{"self":[{"href":"https:\/\/skindoctorscr.com\/en\/wp-json\/wp\/v2\/product\/2562"}],"collection":[{"href":"https:\/\/skindoctorscr.com\/en\/wp-json\/wp\/v2\/product"}],"about":[{"href":"https:\/\/skindoctorscr.com\/en\/wp-json\/wp\/v2\/types\/product"}],"wp:featuredmedia":[{"embeddable":true,"href":"https:\/\/skindoctorscr.com\/en\/wp-json\/wp\/v2\/media\/9603"}],"wp:attachment":[{"href":"https:\/\/skindoctorscr.com\/en\/wp-json\/wp\/v2\/media?parent=2562"}],"wp:term":[{"taxonomy":"product_brand","embeddable":true,"href":"https:\/\/skindoctorscr.com\/en\/wp-json\/wp\/v2\/product_brand?post=2562"},{"taxonomy":"product_cat","embeddable":true,"href":"https:\/\/skindoctorscr.com\/en\/wp-json\/wp\/v2\/product_cat?post=2562"},{"taxonomy":"product_tag","embeddable":true,"href":"https:\/\/skindoctorscr.com\/en\/wp-json\/wp\/v2\/product_tag?post=2562"}],"curies":[{"name":"wp","href":"https:\/\/api.w.org\/{rel}","templated":true}]}}