{"id":5092,"date":"2021-02-08T19:59:29","date_gmt":"2021-02-09T01:59:29","guid":{"rendered":"https:\/\/skindoctorscr.com\/?post_type=product&#038;p=5092"},"modified":"2024-10-07T18:34:46","modified_gmt":"2024-10-08T00:34:46","slug":"piosil","status":"publish","type":"product","link":"https:\/\/skindoctorscr.com\/en\/tienda\/piosil\/","title":{"rendered":"Piosil"},"content":{"rendered":"","protected":false},"excerpt":{"rendered":"<p>Piosil es un producto desarrollado para acabar con los piojos\u00a0 y liendres sin poner en riesgo la salud, ya que\u00a0su formulaci\u00f3n no es t\u00f3xica. Est\u00e1 desarrollado a base de siliconas, es altamente eficaz en el tratamiento para la eliminaci\u00f3n de piojos. Su acci\u00f3n se describe como un proceso f\u00edsico, en el cual el producto recubre y ahoga al piojo.<\/p>","protected":false},"featured_media":5093,"template":"","meta":{"_monsterinsights_skip_tracking":false,"_monsterinsights_sitenote_active":false,"_monsterinsights_sitenote_note":"","_monsterinsights_sitenote_category":0},"product_brand":[],"product_cat":[119],"product_tag":[266],"class_list":{"0":"post-5092","1":"product","2":"type-product","3":"status-publish","4":"has-post-thumbnail","6":"product_cat-capilares","7":"product_tag-piosil","9":"first","10":"instock","11":"taxable","12":"shipping-taxable","13":"purchasable","14":"product-type-simple"},"_links":{"self":[{"href":"https:\/\/skindoctorscr.com\/en\/wp-json\/wp\/v2\/product\/5092"}],"collection":[{"href":"https:\/\/skindoctorscr.com\/en\/wp-json\/wp\/v2\/product"}],"about":[{"href":"https:\/\/skindoctorscr.com\/en\/wp-json\/wp\/v2\/types\/product"}],"wp:featuredmedia":[{"embeddable":true,"href":"https:\/\/skindoctorscr.com\/en\/wp-json\/wp\/v2\/media\/5093"}],"wp:attachment":[{"href":"https:\/\/skindoctorscr.com\/en\/wp-json\/wp\/v2\/media?parent=5092"}],"wp:term":[{"taxonomy":"product_brand","embeddable":true,"href":"https:\/\/skindoctorscr.com\/en\/wp-json\/wp\/v2\/product_brand?post=5092"},{"taxonomy":"product_cat","embeddable":true,"href":"https:\/\/skindoctorscr.com\/en\/wp-json\/wp\/v2\/product_cat?post=5092"},{"taxonomy":"product_tag","embeddable":true,"href":"https:\/\/skindoctorscr.com\/en\/wp-json\/wp\/v2\/product_tag?post=5092"}],"curies":[{"name":"wp","href":"https:\/\/api.w.org\/{rel}","templated":true}]}}