{"id":7176,"date":"2021-11-22T21:25:50","date_gmt":"2021-11-23T03:25:50","guid":{"rendered":"https:\/\/skindoctorscr.com\/?post_type=product&#038;p=7176"},"modified":"2024-10-07T19:09:59","modified_gmt":"2024-10-08T01:09:59","slug":"suero-contorno-de-ojos-skindoctors-15ml","status":"publish","type":"product","link":"https:\/\/skindoctorscr.com\/en\/tienda\/suero-contorno-de-ojos-skindoctors-15ml\/","title":{"rendered":"Suero Contorno de Ojos Skindoctors 15ml"},"content":{"rendered":"","protected":false},"excerpt":{"rendered":"<p>Nuestro Suero Contorno de Ojos Skindoctors ayuda a prevenir la hinchaz\u00f3n y reduce las bolsas debajo de los ojos, gracias a sus tres mol\u00e9culas activas en soluci\u00f3n: hesperidin metilchalcona, dip\u00e9ptido VW y lipop\u00e9ptido Pal-GQPR. Adem\u00e1s, refuerzan la firmeza y el tono de la zona de los ojos, adem\u00e1s de activar la eliminaci\u00f3n de los pigmentos de origen sangu\u00edneo responsables del color de las ojeras y la inflamaci\u00f3n local.<\/p>","protected":false},"featured_media":11513,"template":"","meta":{"_monsterinsights_skip_tracking":false,"_monsterinsights_sitenote_active":false,"_monsterinsights_sitenote_note":"","_monsterinsights_sitenote_category":0},"product_brand":[],"product_cat":[123,295],"product_tag":[241,243,242],"class_list":{"0":"post-7176","1":"product","2":"type-product","3":"status-publish","4":"has-post-thumbnail","6":"product_cat-dermoreparacion","7":"product_cat-skincare","8":"product_tag-contorno-de-ojos","9":"product_tag-serum","10":"product_tag-suero-contorno-de-ojos","12":"first","13":"instock","14":"taxable","15":"shipping-taxable","16":"purchasable","17":"product-type-simple"},"_links":{"self":[{"href":"https:\/\/skindoctorscr.com\/en\/wp-json\/wp\/v2\/product\/7176"}],"collection":[{"href":"https:\/\/skindoctorscr.com\/en\/wp-json\/wp\/v2\/product"}],"about":[{"href":"https:\/\/skindoctorscr.com\/en\/wp-json\/wp\/v2\/types\/product"}],"wp:featuredmedia":[{"embeddable":true,"href":"https:\/\/skindoctorscr.com\/en\/wp-json\/wp\/v2\/media\/11513"}],"wp:attachment":[{"href":"https:\/\/skindoctorscr.com\/en\/wp-json\/wp\/v2\/media?parent=7176"}],"wp:term":[{"taxonomy":"product_brand","embeddable":true,"href":"https:\/\/skindoctorscr.com\/en\/wp-json\/wp\/v2\/product_brand?post=7176"},{"taxonomy":"product_cat","embeddable":true,"href":"https:\/\/skindoctorscr.com\/en\/wp-json\/wp\/v2\/product_cat?post=7176"},{"taxonomy":"product_tag","embeddable":true,"href":"https:\/\/skindoctorscr.com\/en\/wp-json\/wp\/v2\/product_tag?post=7176"}],"curies":[{"name":"wp","href":"https:\/\/api.w.org\/{rel}","templated":true}]}}